{"id":4819,"date":"2023-04-17T03:08:29","date_gmt":"2023-04-17T03:08:29","guid":{"rendered":"https:\/\/rfidunion.com\/?page_id=4819"},"modified":"2023-04-19T01:08:14","modified_gmt":"2023-04-19T01:08:14","slug":"404-error-page","status":"publish","type":"page","link":"https:\/\/rfidunion.com\/fr\/404-error-page","title":{"rendered":"Quelque chose s&#039;est mal pass\u00e9\u2026"},"content":{"rendered":"<h2>D\u00e9sol\u00e9! Nous n&#039;arrivons pas \u00e0 trouver la page que vous recherchez.<\/h2>\n\n\n\n<p><strong>Voici plut\u00f4t quelques liens utiles\u00a0:<\/strong><\/p>\n\n\n<ul class=\"wp-block-latest-posts__list wp-block-latest-posts\"><li><a class=\"wp-block-latest-posts__post-title\" href=\"https:\/\/rfidunion.com\/fr\/breaking-news\/brief-history-of-wearable-technology.html\">L&#039;histoire de la technologie portable\u00a0: une chronologie<\/a><\/li>\n<li><a class=\"wp-block-latest-posts__post-title\" href=\"https:\/\/rfidunion.com\/fr\/breaking-news\/what-are-real-time-location-systems.html\">Guide des syst\u00e8mes de localisation en temps r\u00e9el (RTLS)<\/a><\/li>\n<li><a class=\"wp-block-latest-posts__post-title\" href=\"https:\/\/rfidunion.com\/fr\/breaking-news\/bluetooth-vs-nfc.html\">Bluetooth vs NFC : Diff\u00e9rence entre NFC et Bluetooth<\/a><\/li>\n<li><a class=\"wp-block-latest-posts__post-title\" href=\"https:\/\/rfidunion.com\/fr\/technology\/nfc-tag-stickers.html\">Guide du d\u00e9butant pour les autocollants NFC Tag<\/a><\/li>\n<li><a class=\"wp-block-latest-posts__post-title\" href=\"https:\/\/rfidunion.com\/fr\/breaking-news\/drawbacks-and-benefits-of-wearable-technology.html\">6 inconv\u00e9nients et avantages de la technologie portable<\/a><\/li>\n<li><a class=\"wp-block-latest-posts__post-title\" href=\"https:\/\/rfidunion.com\/fr\/information\/unlocking-the-power-of-nfc-business-cards.html\">Exploiter la puissance des cartes de visite NFC<\/a><\/li>\n<li><a class=\"wp-block-latest-posts__post-title\" href=\"https:\/\/rfidunion.com\/fr\/breaking-news\/warehouse-storage-tips.html\">Les meilleurs conseils, secrets et astuces pour le stockage en entrep\u00f4t<\/a><\/li>\n<li><a class=\"wp-block-latest-posts__post-title\" href=\"https:\/\/rfidunion.com\/fr\/information\/rfid-tag-types.html\">Types d&#039;\u00e9tiquettes RFID\u00a0: Comprendre Passif, Actif, HF, UHF, NFC<\/a><\/li>\n<li><a class=\"wp-block-latest-posts__post-title\" href=\"https:\/\/rfidunion.com\/fr\/breaking-news\/types-of-wearable-technology.html\">7 diff\u00e9rents types d&#039;appareils technologiques portables<\/a><\/li>\n<li><a class=\"wp-block-latest-posts__post-title\" href=\"https:\/\/rfidunion.com\/fr\/information\/smart-cards-in-access-control.html\">Les cartes \u00e0 puce dans le contr\u00f4le d'acc\u00e8s<\/a><\/li>\n<\/ul>","protected":false},"excerpt":{"rendered":"<p>D\u00e9sol\u00e9, nous n'arrivons pas \u00e0 trouver la page que vous cherchez. Nous ne parvenons pas \u00e0 trouver la page que vous recherchez. Voici quelques liens utiles \u00e0 la place :<\/p>","protected":false},"author":1,"featured_media":4825,"parent":0,"menu_order":0,"comment_status":"closed","ping_status":"closed","template":"","meta":{"_seopress_robots_primary_cat":""},"_links":{"self":[{"href":"https:\/\/rfidunion.com\/fr\/wp-json\/wp\/v2\/pages\/4819"}],"collection":[{"href":"https:\/\/rfidunion.com\/fr\/wp-json\/wp\/v2\/pages"}],"about":[{"href":"https:\/\/rfidunion.com\/fr\/wp-json\/wp\/v2\/types\/page"}],"author":[{"embeddable":true,"href":"https:\/\/rfidunion.com\/fr\/wp-json\/wp\/v2\/users\/1"}],"replies":[{"embeddable":true,"href":"https:\/\/rfidunion.com\/fr\/wp-json\/wp\/v2\/comments?post=4819"}],"version-history":[{"count":0,"href":"https:\/\/rfidunion.com\/fr\/wp-json\/wp\/v2\/pages\/4819\/revisions"}],"wp:featuredmedia":[{"embeddable":true,"href":"https:\/\/rfidunion.com\/fr\/wp-json\/wp\/v2\/media\/4825"}],"wp:attachment":[{"href":"https:\/\/rfidunion.com\/fr\/wp-json\/wp\/v2\/media?parent=4819"}],"curies":[{"name":"wp","href":"https:\/\/api.w.org\/{rel}","templated":true}]}}